{"id":5674,"date":"2025-11-03T19:22:20","date_gmt":"2025-11-03T18:22:20","guid":{"rendered":"https:\/\/www.fz-rauenspurg.de\/?page_id=5674"},"modified":"2025-11-03T20:51:59","modified_gmt":"2025-11-03T19:51:59","slug":"raui-nachrichten","status":"publish","type":"page","link":"https:\/\/www.fz-rauenspurg.de\/en\/mediathek\/raui-nachrichten\/","title":{"rendered":"Raui-Nachrichten"},"content":{"rendered":"<h1 class=\"wp-block-heading has-text-align-center\" id=\"raui-nachrichten\">Raui-Nachrichten<\/h1>\n\n\n\n<p class=\"has-text-align-center\">In der gedruckten Ausgabe unserer Raui-Nachrichten berichten wir halbj\u00e4hrlich \u00fcber Neuigkeiten, Veranstaltungen und interessante Geschichten rund um den FZR.<\/p>\n\n\n\n<p class=\"has-text-align-center\">Wir w\u00fcnschen viel Spa\u00df beim Lesen!<\/p>\n\n\n\n<div data-wp-interactive=\"core\/file\" class=\"wp-block-file\"><object data-wp-bind--hidden=\"!state.hasPdfPreview\" hidden class=\"wp-block-file__embed\" data=\"https:\/\/www.fz-rauenspurg.de\/wp-content\/uploads\/2025\/11\/RauiNachrichten_102025.pdf\" type=\"application\/pdf\" style=\"width:100%;height:1000px\" aria-label=\"Embed of RauiNachrichten_102025.\"><\/object><a id=\"wp-block-file--media-fd6a3b81-70d1-4b1e-9478-2b8bad1ff08e\" href=\"https:\/\/www.fz-rauenspurg.de\/wp-content\/uploads\/2025\/11\/RauiNachrichten_102025.pdf\">RauiNachrichten_102025<\/a><\/div>\n\n\n\n<p><\/p>\n\n\n\n<div class=\"wp-block-group alignwide is-layout-constrained wp-block-group-is-layout-constrained\">\n<div class=\"wp-block-group alignfull is-layout-constrained wp-block-group-is-layout-constrained\">\n<div class=\"wp-block-stackable-columns stk-block-columns stk-block stk-f90c1f8\" data-block-id=\"f90c1f8\"><div class=\"stk-row stk-inner-blocks stk-block-content stk-content-align stk-f90c1f8-column\">\n<div class=\"wp-block-stackable-column stk-block-column stk-column stk-block stk-589d2bc\" data-v=\"4\" data-block-id=\"589d2bc\"><div class=\"stk-column-wrapper stk-block-column__content stk-container stk-589d2bc-container stk--no-background stk--no-padding\"><div class=\"stk-block-content stk-inner-blocks stk-589d2bc-inner-blocks\">\n<h1 class=\"wp-block-heading has-text-align-center\" id=\"archiv-raui-nachrichten\">Archiv Raui-Nachrichten<\/h1>\n\n\n\n<p class=\"has-text-align-center\">Unsere Raui-Nachrichten stehen als barrierefreies PDF zur Verf\u00fcgung:<\/p>\n<\/div><\/div><\/div>\n<\/div><\/div>\n\n\n\n<div class=\"wp-block-stackable-columns stk-block-columns stk-block stk-1882198\" data-block-id=\"1882198\"><div class=\"stk-row stk-inner-blocks has-text-align-center stk-block-content stk-content-align stk-1882198-column alignwide\">\n<div class=\"wp-block-stackable-column stk-block-column stk-column stk-block stk-0633062\" data-v=\"4\" data-block-id=\"0633062\"><div class=\"stk-column-wrapper stk-block-column__content stk-container stk-0633062-container stk--no-background stk--no-padding\"><div class=\"stk-block-content stk-inner-blocks stk-0633062-inner-blocks\">\n<nav class=\"wp-block-stackable-table-of-contents stk-block-table-of-contents stk-block stk-0d7eea7 stk-block-background\" data-block-id=\"0d7eea7\"><style>.stk-0d7eea7 li, .stk-0d7eea7 ul li a, .stk-0d7eea7 ol li a{color:#ffffff !important;}.stk-0d7eea7 .stk-table-of-contents__title{color:#ffffff !important;}.stk-0d7eea7 {background-color:var(--theme-palette-color-3, #3A4F66) !important;align-items:flex-start !important;display:flex !important;}.stk-0d7eea7:before{background-color:var(--theme-palette-color-3, #3A4F66) !important;}<\/style><p class=\"stk-table-of-contents__title has-text-color\"><a href=\"https:\/\/www.fz-rauenspurg.de\/wp-content\/uploads\/2025\/11\/RauiNachrichten_102025.pdf\"><span style=\"color: #fffffe;\" class=\"stk-highlight\">Ausgabe 2025<\/span><\/a><br \/><a href=\"https:\/\/www.fz-rauenspurg.de\/wp-content\/uploads\/2024\/11\/RauiNachrichten_112024.pdf\"><span style=\"color: #fffffe;\" class=\"stk-highlight\">Ausgabe 2024<\/span><\/a><br \/><a href=\"https:\/\/www.fz-rauenspurg.de\/wp-content\/uploads\/2023\/11\/RauiNachrichten_112023.pdf\"><span style=\"color: #fffffe;\" class=\"stk-highlight\">Ausgabe 2023<\/span><\/a><br \/><a href=\"https:\/\/www.fz-rauenspurg.de\/wp-content\/uploads\/2022\/12\/RauiNachrichten_092022.pdf\"><span style=\"color: #fffffe;\" class=\"stk-highlight\">Ausgabe 2022<\/span><\/a><br \/><a href=\"https:\/\/www.fz-rauenspurg.de\/wp-content\/uploads\/2022\/03\/RauiNachrichten_062021.pdf\"><span style=\"color: #fffffe;\" class=\"stk-highlight\">Ausgabe 2021<\/span><\/a><br \/><a href=\"https:\/\/www.fz-rauenspurg.de\/wp-content\/uploads\/2022\/03\/20200807_FZR_Magazin_DIN-A4_Entwurfssatz_v05.pdf\"><span style=\"color: #fffffe;\" class=\"stk-highlight\">50 Jahre Rauenspurg \/ Jubil\u00e4umsmagazin<\/span><\/a><\/p><\/nav>\n<\/div><\/div><\/div>\n<\/div><\/div>\n<\/div>\n<\/div>\n\n\n\n<p><\/p>","protected":false},"excerpt":{"rendered":"<p>Raui-Nachrichten In der gedruckten Ausgabe unserer Raui-Nachrichten berichten wir halbj\u00e4hrlich \u00fcber Neuigkeiten, Veranstaltungen und interessante Geschichten rund um den FZR. Wir w\u00fcnschen viel Spa\u00df beim Lesen! Archiv Raui-Nachrichten Unsere Raui-Nachrichten [&hellip;]<\/p>\n","protected":false},"author":6,"featured_media":0,"parent":2624,"menu_order":0,"comment_status":"closed","ping_status":"closed","template":"","meta":{"footnotes":""},"class_list":["post-5674","page","type-page","status-publish","hentry"],"blocksy_meta":[],"featured_image_urls_v2":{"full":"","thumbnail":"","medium":"","medium_large":"","large":"","timeline-express":"","timeline-express-thumbnail":"","1536x1536":"","2048x2048":"","trp-custom-language-flag":"","sow-carousel-default":""},"post_excerpt_stackable_v2":"<p>Raui-Nachrichten In der gedruckten Ausgabe unserer Raui-Nachrichten berichten wir halbj\u00e4hrlich \u00fcber Neuigkeiten, Veranstaltungen und interessante Geschichten rund um den FZR. Wir w\u00fcnschen viel Spa\u00df beim Lesen! RauiNachrichten_102025 Archiv Raui-Nachrichten Unsere Raui-Nachrichten stehen als barrierefreies PDF zur Verf\u00fcgung: Ausgabe 2025Ausgabe 2024Ausgabe 2023Ausgabe 2022Ausgabe 202150 Jahre Rauenspurg \/ Jubil\u00e4umsmagazin<\/p>\n","category_list_v2":"","author_info_v2":{"name":"Lukas","url":"https:\/\/www.fz-rauenspurg.de\/en\/author\/lukasmueller\/"},"comments_num_v2":"0 comments","yoast_head":"<!-- This site is optimized with the Yoast SEO plugin v27.3 - https:\/\/yoast.com\/product\/yoast-seo-wordpress\/ -->\n<title>Raui-Nachrichten &#8226; Fanfarenzug Rauenspurg e.V.<\/title>\n<meta name=\"description\" content=\"In unseren Raui-Nachrichten berichten wir halbj\u00e4hrlich \u00fcber Neuigkeiten, Veranstaltungen und interessante Geschichten rund um den FZR.\" \/>\n<meta name=\"robots\" content=\"index, follow, max-snippet:-1, max-image-preview:large, max-video-preview:-1\" \/>\n<link rel=\"canonical\" href=\"https:\/\/www.fz-rauenspurg.de\/en\/mediathek\/raui-nachrichten\/\" \/>\n<meta property=\"og:locale\" content=\"en_US\" \/>\n<meta property=\"og:type\" content=\"article\" \/>\n<meta property=\"og:title\" content=\"Raui-Nachrichten &#8226; Fanfarenzug Rauenspurg e.V.\" \/>\n<meta property=\"og:description\" content=\"In unseren Raui-Nachrichten berichten wir halbj\u00e4hrlich \u00fcber Neuigkeiten, Veranstaltungen und interessante Geschichten rund um den FZR.\" \/>\n<meta property=\"og:url\" content=\"https:\/\/www.fz-rauenspurg.de\/en\/mediathek\/raui-nachrichten\/\" \/>\n<meta property=\"og:site_name\" content=\"Fanfarenzug Rauenspurg e.V.\" \/>\n<meta property=\"article:publisher\" content=\"http:\/\/www.facebook.com\/fanfarenzug.rauenspurg.e.v.\" \/>\n<meta property=\"article:modified_time\" content=\"2025-11-03T19:51:59+00:00\" \/>\n<meta name=\"twitter:card\" content=\"summary_large_image\" \/>\n<meta name=\"twitter:site\" content=\"@rauenspurg\" \/>\n<meta name=\"twitter:label1\" content=\"Est. reading time\" \/>\n\t<meta name=\"twitter:data1\" content=\"1 minute\" \/>\n<script type=\"application\/ld+json\" class=\"yoast-schema-graph\">{\"@context\":\"https:\\\/\\\/schema.org\",\"@graph\":[{\"@type\":\"WebPage\",\"@id\":\"https:\\\/\\\/www.fz-rauenspurg.de\\\/mediathek\\\/raui-nachrichten\\\/\",\"url\":\"https:\\\/\\\/www.fz-rauenspurg.de\\\/mediathek\\\/raui-nachrichten\\\/\",\"name\":\"Raui-Nachrichten &#8226; Fanfarenzug Rauenspurg e.V.\",\"isPartOf\":{\"@id\":\"https:\\\/\\\/www.fz-rauenspurg.de\\\/#website\"},\"datePublished\":\"2025-11-03T18:22:20+00:00\",\"dateModified\":\"2025-11-03T19:51:59+00:00\",\"description\":\"In unseren Raui-Nachrichten berichten wir halbj\u00e4hrlich \u00fcber Neuigkeiten, Veranstaltungen und interessante Geschichten rund um den FZR.\",\"breadcrumb\":{\"@id\":\"https:\\\/\\\/www.fz-rauenspurg.de\\\/mediathek\\\/raui-nachrichten\\\/#breadcrumb\"},\"inLanguage\":\"en-US\",\"potentialAction\":[{\"@type\":\"ReadAction\",\"target\":[\"https:\\\/\\\/www.fz-rauenspurg.de\\\/mediathek\\\/raui-nachrichten\\\/\"]}]},{\"@type\":\"BreadcrumbList\",\"@id\":\"https:\\\/\\\/www.fz-rauenspurg.de\\\/mediathek\\\/raui-nachrichten\\\/#breadcrumb\",\"itemListElement\":[{\"@type\":\"ListItem\",\"position\":1,\"name\":\"Startseite\",\"item\":\"https:\\\/\\\/www.fz-rauenspurg.de\\\/\"},{\"@type\":\"ListItem\",\"position\":2,\"name\":\"Mediathek\",\"item\":\"https:\\\/\\\/www.fz-rauenspurg.de\\\/mediathek\\\/\"},{\"@type\":\"ListItem\",\"position\":3,\"name\":\"Raui-Nachrichten\"}]},{\"@type\":\"WebSite\",\"@id\":\"https:\\\/\\\/www.fz-rauenspurg.de\\\/#website\",\"url\":\"https:\\\/\\\/www.fz-rauenspurg.de\\\/\",\"name\":\"Fanfarenzug Rauenspurg e.V.\",\"description\":\"der Stadt Ravensburg\",\"publisher\":{\"@id\":\"https:\\\/\\\/www.fz-rauenspurg.de\\\/#organization\"},\"potentialAction\":[{\"@type\":\"SearchAction\",\"target\":{\"@type\":\"EntryPoint\",\"urlTemplate\":\"https:\\\/\\\/www.fz-rauenspurg.de\\\/?s={search_term_string}\"},\"query-input\":{\"@type\":\"PropertyValueSpecification\",\"valueRequired\":true,\"valueName\":\"search_term_string\"}}],\"inLanguage\":\"en-US\"},{\"@type\":\"Organization\",\"@id\":\"https:\\\/\\\/www.fz-rauenspurg.de\\\/#organization\",\"name\":\"Fanfarenzug Rauenspurg e.V. der Stadt Ravensburg\",\"url\":\"https:\\\/\\\/www.fz-rauenspurg.de\\\/\",\"logo\":{\"@type\":\"ImageObject\",\"inLanguage\":\"en-US\",\"@id\":\"https:\\\/\\\/www.fz-rauenspurg.de\\\/#\\\/schema\\\/logo\\\/image\\\/\",\"url\":\"https:\\\/\\\/i0.wp.com\\\/www.fz-rauenspurg.de\\\/wp-content\\\/uploads\\\/cropped-20190515_FZR_Logo-Neu-7.png?fit=4167%2C4167&ssl=1\",\"contentUrl\":\"https:\\\/\\\/i0.wp.com\\\/www.fz-rauenspurg.de\\\/wp-content\\\/uploads\\\/cropped-20190515_FZR_Logo-Neu-7.png?fit=4167%2C4167&ssl=1\",\"width\":4167,\"height\":4167,\"caption\":\"Fanfarenzug Rauenspurg e.V. der Stadt Ravensburg\"},\"image\":{\"@id\":\"https:\\\/\\\/www.fz-rauenspurg.de\\\/#\\\/schema\\\/logo\\\/image\\\/\"},\"sameAs\":[\"http:\\\/\\\/www.facebook.com\\\/fanfarenzug.rauenspurg.e.v.\",\"https:\\\/\\\/x.com\\\/rauenspurg\",\"https:\\\/\\\/www.instagram.com\\\/fanfarenzug.rauenspurg\\\/\",\"https:\\\/\\\/open.spotify.com\\\/artist\\\/1T9nl7w34CIHZa2hI57Il3?si=Wg7bL2dAQYuxixd4g4dTtQ\"]}]}<\/script>\n<!-- \/ Yoast SEO plugin. -->","yoast_head_json":{"title":"Raui-Nachrichten &#8226; Fanfarenzug Rauenspurg e.V.","description":"In unseren Raui-Nachrichten berichten wir halbj\u00e4hrlich \u00fcber Neuigkeiten, Veranstaltungen und interessante Geschichten rund um den FZR.","robots":{"index":"index","follow":"follow","max-snippet":"max-snippet:-1","max-image-preview":"max-image-preview:large","max-video-preview":"max-video-preview:-1"},"canonical":"https:\/\/www.fz-rauenspurg.de\/en\/mediathek\/raui-nachrichten\/","og_locale":"en_US","og_type":"article","og_title":"Raui-Nachrichten &#8226; Fanfarenzug Rauenspurg e.V.","og_description":"In unseren Raui-Nachrichten berichten wir halbj\u00e4hrlich \u00fcber Neuigkeiten, Veranstaltungen und interessante Geschichten rund um den FZR.","og_url":"https:\/\/www.fz-rauenspurg.de\/en\/mediathek\/raui-nachrichten\/","og_site_name":"Fanfarenzug Rauenspurg e.V.","article_publisher":"http:\/\/www.facebook.com\/fanfarenzug.rauenspurg.e.v.","article_modified_time":"2025-11-03T19:51:59+00:00","twitter_card":"summary_large_image","twitter_site":"@rauenspurg","twitter_misc":{"Est. reading time":"1 minute"},"schema":{"@context":"https:\/\/schema.org","@graph":[{"@type":"WebPage","@id":"https:\/\/www.fz-rauenspurg.de\/mediathek\/raui-nachrichten\/","url":"https:\/\/www.fz-rauenspurg.de\/mediathek\/raui-nachrichten\/","name":"Raui-Nachrichten &#8226; Fanfarenzug Rauenspurg e.V.","isPartOf":{"@id":"https:\/\/www.fz-rauenspurg.de\/#website"},"datePublished":"2025-11-03T18:22:20+00:00","dateModified":"2025-11-03T19:51:59+00:00","description":"In unseren Raui-Nachrichten berichten wir halbj\u00e4hrlich \u00fcber Neuigkeiten, Veranstaltungen und interessante Geschichten rund um den FZR.","breadcrumb":{"@id":"https:\/\/www.fz-rauenspurg.de\/mediathek\/raui-nachrichten\/#breadcrumb"},"inLanguage":"en-US","potentialAction":[{"@type":"ReadAction","target":["https:\/\/www.fz-rauenspurg.de\/mediathek\/raui-nachrichten\/"]}]},{"@type":"BreadcrumbList","@id":"https:\/\/www.fz-rauenspurg.de\/mediathek\/raui-nachrichten\/#breadcrumb","itemListElement":[{"@type":"ListItem","position":1,"name":"Startseite","item":"https:\/\/www.fz-rauenspurg.de\/"},{"@type":"ListItem","position":2,"name":"Mediathek","item":"https:\/\/www.fz-rauenspurg.de\/mediathek\/"},{"@type":"ListItem","position":3,"name":"Raui-Nachrichten"}]},{"@type":"WebSite","@id":"https:\/\/www.fz-rauenspurg.de\/#website","url":"https:\/\/www.fz-rauenspurg.de\/","name":"Fanfarenzug Rauenspurg e.V.","description":"der Stadt Ravensburg","publisher":{"@id":"https:\/\/www.fz-rauenspurg.de\/#organization"},"potentialAction":[{"@type":"SearchAction","target":{"@type":"EntryPoint","urlTemplate":"https:\/\/www.fz-rauenspurg.de\/?s={search_term_string}"},"query-input":{"@type":"PropertyValueSpecification","valueRequired":true,"valueName":"search_term_string"}}],"inLanguage":"en-US"},{"@type":"Organization","@id":"https:\/\/www.fz-rauenspurg.de\/#organization","name":"Fanfarenzug Rauenspurg e.V. der Stadt Ravensburg","url":"https:\/\/www.fz-rauenspurg.de\/","logo":{"@type":"ImageObject","inLanguage":"en-US","@id":"https:\/\/www.fz-rauenspurg.de\/#\/schema\/logo\/image\/","url":"https:\/\/i0.wp.com\/www.fz-rauenspurg.de\/wp-content\/uploads\/cropped-20190515_FZR_Logo-Neu-7.png?fit=4167%2C4167&ssl=1","contentUrl":"https:\/\/i0.wp.com\/www.fz-rauenspurg.de\/wp-content\/uploads\/cropped-20190515_FZR_Logo-Neu-7.png?fit=4167%2C4167&ssl=1","width":4167,"height":4167,"caption":"Fanfarenzug Rauenspurg e.V. der Stadt Ravensburg"},"image":{"@id":"https:\/\/www.fz-rauenspurg.de\/#\/schema\/logo\/image\/"},"sameAs":["http:\/\/www.facebook.com\/fanfarenzug.rauenspurg.e.v.","https:\/\/x.com\/rauenspurg","https:\/\/www.instagram.com\/fanfarenzug.rauenspurg\/","https:\/\/open.spotify.com\/artist\/1T9nl7w34CIHZa2hI57Il3?si=Wg7bL2dAQYuxixd4g4dTtQ"]}]}},"jetpack_sharing_enabled":true,"jetpack_shortlink":"https:\/\/wp.me\/P7EInt-1tw","_links":{"self":[{"href":"https:\/\/www.fz-rauenspurg.de\/en\/wp-json\/wp\/v2\/pages\/5674","targetHints":{"allow":["GET"]}}],"collection":[{"href":"https:\/\/www.fz-rauenspurg.de\/en\/wp-json\/wp\/v2\/pages"}],"about":[{"href":"https:\/\/www.fz-rauenspurg.de\/en\/wp-json\/wp\/v2\/types\/page"}],"author":[{"embeddable":true,"href":"https:\/\/www.fz-rauenspurg.de\/en\/wp-json\/wp\/v2\/users\/6"}],"replies":[{"embeddable":true,"href":"https:\/\/www.fz-rauenspurg.de\/en\/wp-json\/wp\/v2\/comments?post=5674"}],"version-history":[{"count":11,"href":"https:\/\/www.fz-rauenspurg.de\/en\/wp-json\/wp\/v2\/pages\/5674\/revisions"}],"predecessor-version":[{"id":5697,"href":"https:\/\/www.fz-rauenspurg.de\/en\/wp-json\/wp\/v2\/pages\/5674\/revisions\/5697"}],"up":[{"embeddable":true,"href":"https:\/\/www.fz-rauenspurg.de\/en\/wp-json\/wp\/v2\/pages\/2624"}],"wp:attachment":[{"href":"https:\/\/www.fz-rauenspurg.de\/en\/wp-json\/wp\/v2\/media?parent=5674"}],"curies":[{"name":"wp","href":"https:\/\/api.w.org\/{rel}","templated":true}]}}