{"id":2774,"date":"2018-10-16T09:28:07","date_gmt":"2018-10-16T08:28:07","guid":{"rendered":"http:\/\/www.fz-rauenspurg.de\/?page_id=2774"},"modified":"2022-03-17T12:27:20","modified_gmt":"2022-03-17T11:27:20","slug":"impressum","status":"publish","type":"page","link":"https:\/\/www.fz-rauenspurg.de\/en\/impressum\/","title":{"rendered":"Impressum"},"content":{"rendered":"<h3 class=\"wp-block-heading\">Vereinsinformationen<\/h3>\n\n\n\n<p>Fanfarenzug Rauenspurg e.V. der Stadt Ravensburg<\/p>\n\n\n\n<p>H\u00f6ll 34<br \/>88212 Ravensburg<br \/>Deutschland<\/p>\n\n\n\n<p>E-Mail: info(at)fz-rauenspurg.de<br \/>Tel:&nbsp;0152\/34043079<\/p>\n\n\n\n<p>Gesch\u00e4ftsf\u00fchrer: Frederic Teste<\/p>\n\n\n\n<p>Zur Teilnahme an einem Streitbeilegungsverfahren sind wir nicht verpflichtet und nehmen auch nicht freiwillig teil.<\/p>\n\n\n\n<p><strong>Inhaltlich Verantwortlicher gem\u00e4\u00df \u00a7 5 Telemediengesetz (TMG)<\/strong><\/p>\n\n\n\n<p>Fanfarenzug Rauenspurg e.V. der Stadt Ravensburg<\/p>\n\n\n\n<p>Lukas M\u00fcller<\/p>\n\n\n\n<p>Schriftf\u00fchrer und Redaktion<\/p>\n\n\n\n<p>H\u00f6ll 34<\/p>\n\n\n\n<p>88212 Ravensburg<\/p>\n\n\n\n<p>E-Mail-Adresse: schriftfuehrer(at)fz-rauenspurg.de<\/p>\n\n\n\n<p><strong>Datenschutz<\/strong><\/p>\n\n\n\n<p>Wir wissen, dass Du dem Thema Datenschutz gro\u00dfe Bedeutung beimisst. Deshalb ist uns der Schutz Deiner pers\u00f6nlichen Daten ein wichtiges Anliegen. Lies mehr in unserer&nbsp;<strong><a style=\"color: #404595; text-decoration: underline;\" href=\"https:\/\/www.fz-rauenspurg.de\/en\/datenschutz\/\">Datenschutzerkl\u00e4rung<\/a>.<\/strong><\/p>\n\n\n\n<p>Datenschutzbeauftragter: datenschutz(at)fz-rauenspurg.de.<\/p>\n\n\n\n<p><strong>Haftung f\u00fcr Links<\/strong><\/p>\n\n\n\n<p>Unser Angebot enth\u00e4lt Links zu externen Webseiten Dritter, auf deren Inhalte wir keinen Einfluss haben. Deshalb k\u00f6nnen wir f\u00fcr diese fremden Inhalte auch keine Gew\u00e4hr \u00fcbernehmen. F\u00fcr die Inhalte der verlinkten Seiten ist stets der jeweilige Anbieter oder Betreiber der Seiten verantwortlich. Die verlinkten Seiten wurden zum Zeitpunkt der Verlinkung auf m\u00f6gliche Rechtsverst\u00f6\u00dfe \u00fcberpr\u00fcft. Rechtswidrige Inhalte waren zum Zeitpunkt der Verlinkung nicht erkennbar. Eine permanente inhaltliche Kontrolle der verlinkten Seiten ist jedoch ohne konkrete Anhaltspunkte einer Rechtsverletzung nicht zumutbar. Bei bekannt werden von Rechtsverletzungen werden wir derartige Links umgehend entfernen. F\u00fcr den Inhalt der verlinkten Seiten sind ausschlie\u00dflich deren Betreiber verantwortlich.<\/p>\n\n\n\n<p>Das Impressum gilt auch f\u00fcr folgende Social-Media-Kan\u00e4le:<\/p>\n\n\n\n<p>Facebook: https:\/\/www.facebook.com\/Fanfarenzug.Rauenspurg<br \/>Twitter: https:\/\/twitter.com\/rauenspurg<br \/>Instagram: https:\/\/www.instagram.com\/fanfarenzug.rauenspurg<br \/>YouTube: https:\/\/www.youtube.com\/fzrauenspurg<\/p>\n\n\n\n<p><em>Zuletzt ge\u00e4ndert: 16.10.2018<\/em><\/p>","protected":false},"excerpt":{"rendered":"<p>Vereinsinformationen Fanfarenzug Rauenspurg e.V. der Stadt Ravensburg H\u00f6ll 3488212 RavensburgDeutschland E-Mail: info(at)fz-rauenspurg.deTel:&nbsp;0152\/34043079 Gesch\u00e4ftsf\u00fchrer: Frederic Teste Zur Teilnahme an einem Streitbeilegungsverfahren sind wir nicht verpflichtet und nehmen auch nicht freiwillig teil. [&hellip;]<\/p>\n","protected":false},"author":6,"featured_media":0,"parent":0,"menu_order":0,"comment_status":"closed","ping_status":"closed","template":"","meta":{"footnotes":""},"class_list":["post-2774","page","type-page","status-publish","hentry"],"blocksy_meta":{"styles_descriptor":{"styles":{"desktop":"","tablet":"","mobile":""},"google_fonts":[],"version":6}},"featured_image_urls_v2":{"full":"","thumbnail":"","medium":"","medium_large":"","large":"","timeline-express":"","timeline-express-thumbnail":"","1536x1536":"","2048x2048":"","trp-custom-language-flag":"","sow-carousel-default":""},"post_excerpt_stackable_v2":"<p>Vereinsinformationen Fanfarenzug Rauenspurg e.V. der Stadt Ravensburg H\u00f6ll 3488212 RavensburgDeutschland E-Mail: info(at)fz-rauenspurg.deTel:&nbsp;0152\/34043079 Gesch\u00e4ftsf\u00fchrer: Frederic Teste Zur Teilnahme an einem Streitbeilegungsverfahren sind wir nicht verpflichtet und nehmen auch nicht freiwillig teil. Inhaltlich Verantwortlicher gem\u00e4\u00df \u00a7 5 Telemediengesetz (TMG) Fanfarenzug Rauenspurg e.V. der Stadt Ravensburg Lukas M\u00fcller Schriftf\u00fchrer und Redaktion H\u00f6ll 34 88212 Ravensburg E-Mail-Adresse: schriftfuehrer(at)fz-rauenspurg.de Datenschutz Wir wissen, dass Du dem Thema Datenschutz gro\u00dfe Bedeutung beimisst. Deshalb ist uns der Schutz Deiner pers\u00f6nlichen Daten ein wichtiges Anliegen. Lies mehr in unserer&nbsp;Datenschutzerkl\u00e4rung. Datenschutzbeauftragter: datenschutz(at)fz-rauenspurg.de. Haftung f\u00fcr Links Unser Angebot enth\u00e4lt Links zu externen Webseiten Dritter, auf deren Inhalte wir keinen Einfluss haben.&hellip;<\/p>\n","category_list_v2":"","author_info_v2":{"name":"Lukas","url":"https:\/\/www.fz-rauenspurg.de\/en\/author\/lukasmueller\/"},"comments_num_v2":"0 comments","yoast_head":"<!-- This site is optimized with the Yoast SEO plugin v27.3 - https:\/\/yoast.com\/product\/yoast-seo-wordpress\/ -->\n<title>Impressum &#8226; Fanfarenzug Rauenspurg e.V.<\/title>\n<meta name=\"robots\" content=\"noindex, follow\" \/>\n<meta property=\"og:locale\" content=\"en_US\" \/>\n<meta property=\"og:type\" content=\"article\" \/>\n<meta property=\"og:title\" content=\"Impressum &#8226; Fanfarenzug Rauenspurg e.V.\" \/>\n<meta property=\"og:description\" content=\"Vereinsinformationen Fanfarenzug Rauenspurg e.V. der Stadt Ravensburg H\u00f6ll 3488212 RavensburgDeutschland E-Mail: info(at)fz-rauenspurg.deTel:&nbsp;0152\/34043079 Gesch\u00e4ftsf\u00fchrer: Frederic Teste Zur Teilnahme an einem Streitbeilegungsverfahren sind wir nicht verpflichtet und nehmen auch nicht freiwillig teil. [&hellip;]\" \/>\n<meta property=\"og:url\" content=\"https:\/\/www.fz-rauenspurg.de\/en\/impressum\/\" \/>\n<meta property=\"og:site_name\" content=\"Fanfarenzug Rauenspurg e.V.\" \/>\n<meta property=\"article:publisher\" content=\"http:\/\/www.facebook.com\/fanfarenzug.rauenspurg.e.v.\" \/>\n<meta property=\"article:modified_time\" content=\"2022-03-17T11:27:20+00:00\" \/>\n<meta name=\"twitter:card\" content=\"summary_large_image\" \/>\n<meta name=\"twitter:site\" content=\"@rauenspurg\" \/>\n<meta name=\"twitter:label1\" content=\"Est. reading time\" \/>\n\t<meta name=\"twitter:data1\" content=\"1 minute\" \/>\n<script type=\"application\/ld+json\" class=\"yoast-schema-graph\">{\"@context\":\"https:\\\/\\\/schema.org\",\"@graph\":[{\"@type\":\"WebPage\",\"@id\":\"https:\\\/\\\/www.fz-rauenspurg.de\\\/en\\\/impressum\\\/\",\"url\":\"https:\\\/\\\/www.fz-rauenspurg.de\\\/en\\\/impressum\\\/\",\"name\":\"Impressum &#8226; Fanfarenzug Rauenspurg e.V.\",\"isPartOf\":{\"@id\":\"https:\\\/\\\/www.fz-rauenspurg.de\\\/#website\"},\"datePublished\":\"2018-10-16T08:28:07+00:00\",\"dateModified\":\"2022-03-17T11:27:20+00:00\",\"breadcrumb\":{\"@id\":\"https:\\\/\\\/www.fz-rauenspurg.de\\\/en\\\/impressum\\\/#breadcrumb\"},\"inLanguage\":\"en-US\",\"potentialAction\":[{\"@type\":\"ReadAction\",\"target\":[\"https:\\\/\\\/www.fz-rauenspurg.de\\\/en\\\/impressum\\\/\"]}]},{\"@type\":\"BreadcrumbList\",\"@id\":\"https:\\\/\\\/www.fz-rauenspurg.de\\\/en\\\/impressum\\\/#breadcrumb\",\"itemListElement\":[{\"@type\":\"ListItem\",\"position\":1,\"name\":\"Startseite\",\"item\":\"https:\\\/\\\/www.fz-rauenspurg.de\\\/\"},{\"@type\":\"ListItem\",\"position\":2,\"name\":\"Impressum\"}]},{\"@type\":\"WebSite\",\"@id\":\"https:\\\/\\\/www.fz-rauenspurg.de\\\/#website\",\"url\":\"https:\\\/\\\/www.fz-rauenspurg.de\\\/\",\"name\":\"Fanfarenzug Rauenspurg e.V.\",\"description\":\"der Stadt Ravensburg\",\"publisher\":{\"@id\":\"https:\\\/\\\/www.fz-rauenspurg.de\\\/#organization\"},\"potentialAction\":[{\"@type\":\"SearchAction\",\"target\":{\"@type\":\"EntryPoint\",\"urlTemplate\":\"https:\\\/\\\/www.fz-rauenspurg.de\\\/?s={search_term_string}\"},\"query-input\":{\"@type\":\"PropertyValueSpecification\",\"valueRequired\":true,\"valueName\":\"search_term_string\"}}],\"inLanguage\":\"en-US\"},{\"@type\":\"Organization\",\"@id\":\"https:\\\/\\\/www.fz-rauenspurg.de\\\/#organization\",\"name\":\"Fanfarenzug Rauenspurg e.V. der Stadt Ravensburg\",\"url\":\"https:\\\/\\\/www.fz-rauenspurg.de\\\/\",\"logo\":{\"@type\":\"ImageObject\",\"inLanguage\":\"en-US\",\"@id\":\"https:\\\/\\\/www.fz-rauenspurg.de\\\/#\\\/schema\\\/logo\\\/image\\\/\",\"url\":\"https:\\\/\\\/i0.wp.com\\\/www.fz-rauenspurg.de\\\/wp-content\\\/uploads\\\/cropped-20190515_FZR_Logo-Neu-7.png?fit=4167%2C4167&ssl=1\",\"contentUrl\":\"https:\\\/\\\/i0.wp.com\\\/www.fz-rauenspurg.de\\\/wp-content\\\/uploads\\\/cropped-20190515_FZR_Logo-Neu-7.png?fit=4167%2C4167&ssl=1\",\"width\":4167,\"height\":4167,\"caption\":\"Fanfarenzug Rauenspurg e.V. der Stadt Ravensburg\"},\"image\":{\"@id\":\"https:\\\/\\\/www.fz-rauenspurg.de\\\/#\\\/schema\\\/logo\\\/image\\\/\"},\"sameAs\":[\"http:\\\/\\\/www.facebook.com\\\/fanfarenzug.rauenspurg.e.v.\",\"https:\\\/\\\/x.com\\\/rauenspurg\",\"https:\\\/\\\/www.instagram.com\\\/fanfarenzug.rauenspurg\\\/\",\"https:\\\/\\\/open.spotify.com\\\/artist\\\/1T9nl7w34CIHZa2hI57Il3?si=Wg7bL2dAQYuxixd4g4dTtQ\"]}]}<\/script>\n<!-- \/ Yoast SEO plugin. -->","yoast_head_json":{"title":"Impressum &#8226; Fanfarenzug Rauenspurg e.V.","robots":{"index":"noindex","follow":"follow"},"og_locale":"en_US","og_type":"article","og_title":"Impressum &#8226; Fanfarenzug Rauenspurg e.V.","og_description":"Vereinsinformationen Fanfarenzug Rauenspurg e.V. der Stadt Ravensburg H\u00f6ll 3488212 RavensburgDeutschland E-Mail: info(at)fz-rauenspurg.deTel:&nbsp;0152\/34043079 Gesch\u00e4ftsf\u00fchrer: Frederic Teste Zur Teilnahme an einem Streitbeilegungsverfahren sind wir nicht verpflichtet und nehmen auch nicht freiwillig teil. [&hellip;]","og_url":"https:\/\/www.fz-rauenspurg.de\/en\/impressum\/","og_site_name":"Fanfarenzug Rauenspurg e.V.","article_publisher":"http:\/\/www.facebook.com\/fanfarenzug.rauenspurg.e.v.","article_modified_time":"2022-03-17T11:27:20+00:00","twitter_card":"summary_large_image","twitter_site":"@rauenspurg","twitter_misc":{"Est. reading time":"1 minute"},"schema":{"@context":"https:\/\/schema.org","@graph":[{"@type":"WebPage","@id":"https:\/\/www.fz-rauenspurg.de\/en\/impressum\/","url":"https:\/\/www.fz-rauenspurg.de\/en\/impressum\/","name":"Impressum &#8226; Fanfarenzug Rauenspurg e.V.","isPartOf":{"@id":"https:\/\/www.fz-rauenspurg.de\/#website"},"datePublished":"2018-10-16T08:28:07+00:00","dateModified":"2022-03-17T11:27:20+00:00","breadcrumb":{"@id":"https:\/\/www.fz-rauenspurg.de\/en\/impressum\/#breadcrumb"},"inLanguage":"en-US","potentialAction":[{"@type":"ReadAction","target":["https:\/\/www.fz-rauenspurg.de\/en\/impressum\/"]}]},{"@type":"BreadcrumbList","@id":"https:\/\/www.fz-rauenspurg.de\/en\/impressum\/#breadcrumb","itemListElement":[{"@type":"ListItem","position":1,"name":"Startseite","item":"https:\/\/www.fz-rauenspurg.de\/"},{"@type":"ListItem","position":2,"name":"Impressum"}]},{"@type":"WebSite","@id":"https:\/\/www.fz-rauenspurg.de\/#website","url":"https:\/\/www.fz-rauenspurg.de\/","name":"Fanfarenzug Rauenspurg e.V.","description":"der Stadt Ravensburg","publisher":{"@id":"https:\/\/www.fz-rauenspurg.de\/#organization"},"potentialAction":[{"@type":"SearchAction","target":{"@type":"EntryPoint","urlTemplate":"https:\/\/www.fz-rauenspurg.de\/?s={search_term_string}"},"query-input":{"@type":"PropertyValueSpecification","valueRequired":true,"valueName":"search_term_string"}}],"inLanguage":"en-US"},{"@type":"Organization","@id":"https:\/\/www.fz-rauenspurg.de\/#organization","name":"Fanfarenzug Rauenspurg e.V. der Stadt Ravensburg","url":"https:\/\/www.fz-rauenspurg.de\/","logo":{"@type":"ImageObject","inLanguage":"en-US","@id":"https:\/\/www.fz-rauenspurg.de\/#\/schema\/logo\/image\/","url":"https:\/\/i0.wp.com\/www.fz-rauenspurg.de\/wp-content\/uploads\/cropped-20190515_FZR_Logo-Neu-7.png?fit=4167%2C4167&ssl=1","contentUrl":"https:\/\/i0.wp.com\/www.fz-rauenspurg.de\/wp-content\/uploads\/cropped-20190515_FZR_Logo-Neu-7.png?fit=4167%2C4167&ssl=1","width":4167,"height":4167,"caption":"Fanfarenzug Rauenspurg e.V. der Stadt Ravensburg"},"image":{"@id":"https:\/\/www.fz-rauenspurg.de\/#\/schema\/logo\/image\/"},"sameAs":["http:\/\/www.facebook.com\/fanfarenzug.rauenspurg.e.v.","https:\/\/x.com\/rauenspurg","https:\/\/www.instagram.com\/fanfarenzug.rauenspurg\/","https:\/\/open.spotify.com\/artist\/1T9nl7w34CIHZa2hI57Il3?si=Wg7bL2dAQYuxixd4g4dTtQ"]}]}},"jetpack_sharing_enabled":true,"jetpack_shortlink":"https:\/\/wp.me\/P7EInt-IK","_links":{"self":[{"href":"https:\/\/www.fz-rauenspurg.de\/en\/wp-json\/wp\/v2\/pages\/2774","targetHints":{"allow":["GET"]}}],"collection":[{"href":"https:\/\/www.fz-rauenspurg.de\/en\/wp-json\/wp\/v2\/pages"}],"about":[{"href":"https:\/\/www.fz-rauenspurg.de\/en\/wp-json\/wp\/v2\/types\/page"}],"author":[{"embeddable":true,"href":"https:\/\/www.fz-rauenspurg.de\/en\/wp-json\/wp\/v2\/users\/6"}],"replies":[{"embeddable":true,"href":"https:\/\/www.fz-rauenspurg.de\/en\/wp-json\/wp\/v2\/comments?post=2774"}],"version-history":[{"count":23,"href":"https:\/\/www.fz-rauenspurg.de\/en\/wp-json\/wp\/v2\/pages\/2774\/revisions"}],"predecessor-version":[{"id":4915,"href":"https:\/\/www.fz-rauenspurg.de\/en\/wp-json\/wp\/v2\/pages\/2774\/revisions\/4915"}],"wp:attachment":[{"href":"https:\/\/www.fz-rauenspurg.de\/en\/wp-json\/wp\/v2\/media?parent=2774"}],"curies":[{"name":"wp","href":"https:\/\/api.w.org\/{rel}","templated":true}]}}