{"id":2214,"date":"2018-04-29T11:35:57","date_gmt":"2018-04-29T10:35:57","guid":{"rendered":"http:\/\/www.fz-rauenspurg.de\/?page_id=2214"},"modified":"2025-07-22T13:55:34","modified_gmt":"2025-07-22T12:55:34","slug":"historie","status":"publish","type":"page","link":"https:\/\/www.fz-rauenspurg.de\/en\/historie\/","title":{"rendered":"Historie"},"content":{"rendered":"<div data-elementor-type=\"wp-post\" data-elementor-id=\"2214\" class=\"elementor elementor-2214\">\n\t\t\t\t\t\t<section class=\"elementor-section elementor-top-section elementor-element elementor-element-654f9190 elementor-section-boxed elementor-section-height-default elementor-section-height-default\" data-id=\"654f9190\" data-element_type=\"section\" data-e-type=\"section\">\n\t\t\t\t\t\t<div class=\"elementor-container elementor-column-gap-default\">\n\t\t\t\t\t<div class=\"elementor-column elementor-col-100 elementor-top-column elementor-element elementor-element-48341862\" data-id=\"48341862\" data-element_type=\"column\" data-e-type=\"column\">\n\t\t\t<div class=\"elementor-widget-wrap elementor-element-populated\">\n\t\t\t\t\t\t<div class=\"elementor-element elementor-element-23b4fb31 elementor-widget elementor-widget-text-editor\" data-id=\"23b4fb31\" data-element_type=\"widget\" data-e-type=\"widget\" data-widget_type=\"text-editor.default\">\n\t\t\t\t<div class=\"elementor-widget-container\">\n\t\t\t\t\t\t\t\t\t<p><\/p>\n<div class=\"wp-block-group is-layout-flow wp-block-group-is-layout-flow\">\n<p><\/p>\n<div class=\"wp-block-stackable-columns stk-block-columns stk-block stk-c2i148m\" data-block-id=\"c2i148m\">\n<div class=\"stk-row stk-inner-blocks stk-block-content stk-content-align stk-c2i148m-column\">\n<p><\/p>\n<div class=\"wp-block-stackable-column stk-block-column stk-column stk-block stk-p80gmz3\" data-block-id=\"p80gmz3\">\n<style>.stk-p80gmz3-container{background-image:url(https:\/\/www.fz-rauenspurg.de\/wp-content\/uploads\/Anmerkung-2020-08-18-225244.png) !important;background-attachment:fixed !important;background-repeat:repeat !important;background-size:auto !important}<\/style>\n<div class=\"stk-column-wrapper stk-block-column__content stk-container stk-p80gmz3-container stk-hover-parent stk--has-background-overlay\">\n<div class=\"stk-block-content stk-inner-blocks stk-p80gmz3-inner-blocks\">\n<p><\/p>\n<div id=\"span-style-color-var-theme-palette-color-8-ffffff-class-stk-highlight-historie-span\" class=\"wp-block-stackable-heading alignfull stk-block-heading stk-block-heading--v2 stk-block stk-fgz2xv5\" data-block-id=\"fgz2xv5\">\n<h1 class=\"stk-block-heading__text has-text-align-center\"><span class=\"stk-highlight\" style=\"color: var(--theme-palette-color-8, #ffffff);\">HISTORIE <\/span><\/h1>\n<\/div>\n<p><\/p>\n<div class=\"wp-block-stackable-image stk-block-image stk-block stk-joppzwt\" data-block-id=\"joppzwt\">\n<figure><span class=\"stk-img-wrapper stk-image--shape-stretch\"><img fetchpriority=\"high\" decoding=\"async\" data-recalc-dims=\"1\" class=\"stk-img wp-image-682\" src=\"https:\/\/i0.wp.com\/www.fz-rauenspurg.de\/wp-content\/uploads\/2014\/07\/Konzerthaus_R%C3%B6hrle_Franz0005.jpg?resize=975%2C643&#038;ssl=1\" width=\"975\" height=\"643\"\/><\/span><\/figure>\n<\/div>\n<p><\/p>\n<h3 class=\"wp-block-heading\"><span class=\"stk-highlight\" style=\"color: var(--theme-palette-color-8, #ffffff);\">Gr\u00fcndung im Jahr 1970<\/span><\/h3>\n<p><\/p>\n<div class=\"wp-block-stackable-text stk-block-text stk-block stk-3t481bs\" data-block-id=\"3t481bs\">\n<p class=\"stk-block-text__text\"><span class=\"stk-highlight\" style=\"color: var(--theme-palette-color-8, #ffffff);\">Der Fanfarenzug trat als Gruppe 1947 beim 1. Rutenfest nach dem 2. Weltkrieg in Erscheinung. Aus Erz\u00e4hlungen von fr\u00fcher gab es scheinbar auch schon einen Fanfarenzug in den drei\u00dfiger Jahren beim Rutenfest. Als das Fest nach dem Krieg endlich wieder stattfand, wurde wieder ein Zug mit Trommler und Fanfaren zusammengestellt. Dazu wurden von der Rutenfestkommission die Uniformen und auch die Instrumente zur Verf\u00fcgung gestellt.&nbsp;Damit ist er als Fanfarenzug Ravensburg bei jedem Rutenfest pr\u00e4sent und bekannt geworden. Anfang der 60iger Jahre hatte die Ravensburger Faschingsgesellschaft Milka Zusammenk\u00fcnfte mit der befreundeten Carnevalsgesellschaft Feuerio Mannheim. Der damalige Milka-Pr\u00e4sident Lorenz Zimmerer war angetan vom Spielmannszug der Mannheimer und fand, dass der Milka ein solcher Klangk\u00f6rper auch gut passen w\u00fcrde. <\/span><\/p>\n<\/div>\n<p><\/p>\n<div class=\"wp-block-stackable-text stk-block-text stk-block stk-paxl8xy\" data-block-id=\"paxl8xy\">\n<style>.stk-paxl8xy{margin-bottom:1px !important}<\/style>\n<p class=\"stk-block-text__text\"><span class=\"stk-highlight\" style=\"color: var(--theme-palette-color-8, #ffffff);\">Zur damaligen Zeit war die Milka nicht nur wie heute in der Halle pr\u00e4sent. Es gab Stra\u00dfenfasching mit Umz\u00fcgen, auch in Ravensburg, sowie Treffen vom Landesverband der Karnevalsvereine, aber auch Narrenspr\u00fcnge bei denen die Milka so einen Spielmannszug gut gebrauchen konnte. Also haben die Milkaner den damaligen Tambourmayor vom Fanfarenzug Ravensburg gefragt, ob sie als Spielmannszug in der Faschingskampagne mit &#8211; wirken w\u00fcrden. Da der Zug bisher ausschlie\u00dflich nur am Rutenfest auftreten konnte, war es reizvoll dieses Angebot anzunehmen. Also beschloss man den Fanfarenzug f\u00fcr die Milka zum Spielmannszug umzur\u00fcsten. Das bedeutete Marschtrommeln, Paradetrommeln, Pauke, Becken und Lyra einzubauen. Au\u00dferdem kamen zu den Fanfaren noch Querpfeifen hinzu. Das war die gr\u00f6\u00dfte Herausforderung. Denn die Rhythmusinstrumente waren kein Problem, aber das Spiel mit der Pfeife war nicht ganz so einfach. So wurde nach jemanden gesucht der das beherrschte. Da kamen sie auf mich zu, da ich nach meiner Zeit als Rutentrommler beim Spielmannszug von Albert Bott, (sein Vater war der Betreuer der Rutentrommler), das Querpfeifen gelernt habe. So wurde ich engagiert um noch weiteren 5 Mannen dies beizubringen. Bei der Milka wurden spezielle Uniformen angefertigt und die entsprechenden Instrumente angeschafft.&nbsp;<\/span><\/p><p class=\"stk-block-text__text\"><span class=\"stk-highlight\" style=\"color: var(--theme-palette-color-8, #ffffff);\"><br \/><\/span><\/p><p class=\"stk-block-text__text\"><span class=\"stk-highlight\" style=\"color: var(--theme-palette-color-8, #ffffff);\">Nach flei\u00dfigem Lernen und Proben traten wir zum 1. mal als Milka-Spielmannszug in der Faschingskampagne 1962\/63 auf. Zwischen dem Rutenfest und der Faschingskampagne waren nun keine so langen Pausen. Somit war es einfacher, die Mannschaft bei der Stange zu halten und man musste nicht nach einem ganzen Jahr wieder aufs Neue die Leute vom Vorjahr zusammen suchen. Durch das h\u00e4ufigere Auftreten und weniger Wechsel bei der Besetzung kam auch mehr Qualit\u00e4t in das Spiel. So blieb es nicht aus, dass es auch Anfragen zu Engagements bei anderen Festivit\u00e4ten gab. Da wurde bei uns das Bestreben nach Unabh\u00e4ngigkeit immer gr\u00f6\u00dfer. Da wir ja keine eigenen Instrumente besa\u00dfen, beschlossen wir eigene Instrumente anzuschaffen, damit wir jederzeit bei anderen Begebenheiten auftreten konnten. Dabei kam uns zugute, dass die damaligen Naturton-Instrumente nicht so teuer waren. Dass wir uns in den n\u00e4chsten Jahren nach und nach von den Pfeifen und als Spielmannszug verabschiedeten, wurde von der Milka toleriert. Einzig die Pauke und das Becken haben bis heute Bestand.&nbsp;<\/span><\/p><p class=\"stk-block-text__text\"><span class=\"stk-highlight\" style=\"color: var(--theme-palette-color-8, #ffffff);\"><br \/><\/span><\/p><p class=\"stk-block-text__text\"><span class=\"stk-highlight\" style=\"color: var(--theme-palette-color-8, #ffffff);\">Mit dem bisher Erreichten kam der Wunsch auf, sich in Zukunft als Verein zu pr\u00e4sentieren. Denn man war eigentlich nur eine \u201eInteressengemeinschaft.\u201c Doch bei diesem Vorhaben war uns bewusst, dass wir eine eigene Uniform haben sollten. Um dieses zu verwirklichen, war die gro\u00dfe Frage: was f\u00fcr eine? Eine aus dem Katalog von speziellen Firmen oder einen Entwurf von einem Schneider. Da kam pl\u00f6tzlich Hilfe vom langj\u00e4hrigen Festzugsgestalter der Rutenfestkommission Otto Lutz. Sein Name steht f\u00fcr Kreativit\u00e4t, seine Liebe f\u00fcr Brauchtum und Historisches war bekannt. Er sprang uns spontan zur Seite und entwarf eine Uniform, die einer Ravensburger B\u00fcrgerwehr aus dem Mittelalter entsprach. Auch war bald ein Schneidermeister f\u00fcr die Anfertigung dieser Kost\u00fcme gefunden. Die Finanzierung war gr\u00f6\u00dftenteils durch die Gagen der vergangenen Jahre gesichert. Nur ein fehlender Restbetrag wurde mit Krediten, die ein paar von uns Aufnahmen, aufgef\u00fcllt. Beratend zur Seite stand uns auch der Vorstand der Oberzeller Kinderfestkommission Anton Schmid.&nbsp;Beim Rutenfest 1968 konnten wir uns stolz in der neuen Unform pr\u00e4sentieren.&nbsp;<\/span><\/p><p class=\"stk-block-text__text\"><span class=\"stk-highlight\" style=\"color: var(--theme-palette-color-8, #ffffff);\"><br \/><\/span><\/p><p class=\"stk-block-text__text\"><span class=\"stk-highlight\" style=\"color: var(--theme-palette-color-8, #ffffff);\">Damit waren die Vorrausetzungen zur Vereinsgr\u00fcndung gegeben. Bei einer Gr\u00fcndungsversammlung wurde eine Satzung erstellt und eine Vorstandschaft bestimmt. Zudem brauchten wir einen Vereinsnamen. Da es in der Stadt schon einen weiteren Fanfarenzug gab, wollten wir unseren bisherigen Namen \u00e4ndern. Inspiriert durch unsere mittelalterliche Uniform, kam man auf \u201eRauenspurg\u201c, da in historischen Dokumenten unsere Stadt so geschrieben stand. Dem Antrag ins Vereinsregister stand nun nichts mehr im Weg. Damit wurden wir am 13. Mai 1970 unter dem Namen &#8222;Fanfarenzug Rauenspurg e.V. der Stadt Ravensburg&#8220; ins Vereinsregister des Amtsgericht Ravensburg eingetragen. Dem Antrag auf Gemeinn\u00fctzigkeit wurde ebenfalls stattgegeben. Nach diesem f\u00fcr uns so bedeutsamen Schritt konnten wir uns mit Freude und Elan daran machen, bevorstehende musikalische Aufgaben zu verwirklichen um den Verein zu f\u00f6rdern und die Kameradschaft zu pflegen<\/span>&nbsp;<\/p><p class=\"stk-block-text__text\"><span class=\"stk-highlight\" style=\"color: var(--theme-palette-color-8, #ffffff);\"><br \/><\/span><\/p><p class=\"stk-block-text__text\"><span class=\"stk-highlight\" style=\"color: var(--theme-palette-color-8, #ffffff);\">&#8211; Text von Ehrenmitglied Fritz Meier<\/span><\/p>\n<\/div>\n<p><\/p>\n<\/div>\n<\/div>\n<\/div>\n<p>&nbsp;<\/p>\n<\/div>\n<\/div>\n<p><\/p>\n<\/div>\n<p><\/p>\t\t\t\t\t\t\t\t<\/div>\n\t\t\t\t<\/div>\n\t\t\t\t\t<\/div>\n\t\t<\/div>\n\t\t\t\t\t<\/div>\n\t\t<\/section>\n\t\t\t\t<\/div>","protected":false},"excerpt":{"rendered":"<p>HISTORIE Gr\u00fcndung im Jahr 1970 Der Fanfarenzug trat als Gruppe 1947 beim 1. Rutenfest nach dem 2. Weltkrieg in Erscheinung. Aus Erz\u00e4hlungen von fr\u00fcher gab es scheinbar auch schon einen [&hellip;]<\/p>\n","protected":false},"author":6,"featured_media":0,"parent":0,"menu_order":0,"comment_status":"closed","ping_status":"closed","template":"","meta":{"footnotes":""},"class_list":["post-2214","page","type-page","status-publish","hentry"],"blocksy_meta":{"styles_descriptor":{"styles":{"desktop":"","tablet":"","mobile":""},"google_fonts":[],"version":6}},"featured_image_urls_v2":{"full":"","thumbnail":"","medium":"","medium_large":"","large":"","timeline-express":"","timeline-express-thumbnail":"","1536x1536":"","2048x2048":"","trp-custom-language-flag":"","sow-carousel-default":""},"post_excerpt_stackable_v2":"<p>HISTORIE Gr\u00fcndung im Jahr 1970 Der Fanfarenzug trat als Gruppe 1947 beim 1. Rutenfest nach dem 2. Weltkrieg in Erscheinung. Aus Erz\u00e4hlungen von fr\u00fcher gab es scheinbar auch schon einen Fanfarenzug in den drei\u00dfiger Jahren beim Rutenfest. Als das Fest nach dem Krieg endlich wieder stattfand, wurde wieder ein Zug mit Trommler und Fanfaren zusammengestellt. Dazu wurden von der Rutenfestkommission die Uniformen und auch die Instrumente zur Verf\u00fcgung gestellt.&nbsp;Damit ist er als Fanfarenzug Ravensburg bei jedem Rutenfest pr\u00e4sent und bekannt geworden. Anfang der 60iger Jahre hatte die Ravensburger Faschingsgesellschaft Milka Zusammenk\u00fcnfte mit der befreundeten Carnevalsgesellschaft Feuerio Mannheim. Der damalige Milka-Pr\u00e4sident&hellip;<\/p>\n","category_list_v2":"","author_info_v2":{"name":"Lukas","url":"https:\/\/www.fz-rauenspurg.de\/en\/author\/lukasmueller\/"},"comments_num_v2":"0 comments","yoast_head":"<!-- This site is optimized with the Yoast SEO plugin v27.3 - https:\/\/yoast.com\/product\/yoast-seo-wordpress\/ -->\n<title>Historie &#8226; Fanfarenzug Rauenspurg e.V.<\/title>\n<meta name=\"robots\" content=\"noindex, follow\" \/>\n<meta property=\"og:locale\" content=\"en_US\" \/>\n<meta property=\"og:type\" content=\"article\" \/>\n<meta property=\"og:title\" content=\"Historie &#8226; Fanfarenzug Rauenspurg e.V.\" \/>\n<meta property=\"og:description\" content=\"HISTORIE Gr\u00fcndung im Jahr 1970 Der Fanfarenzug trat als Gruppe 1947 beim 1. Rutenfest nach dem 2. Weltkrieg in Erscheinung. Aus Erz\u00e4hlungen von fr\u00fcher gab es scheinbar auch schon einen [&hellip;]\" \/>\n<meta property=\"og:url\" content=\"https:\/\/www.fz-rauenspurg.de\/en\/historie\/\" \/>\n<meta property=\"og:site_name\" content=\"Fanfarenzug Rauenspurg e.V.\" \/>\n<meta property=\"article:publisher\" content=\"http:\/\/www.facebook.com\/fanfarenzug.rauenspurg.e.v.\" \/>\n<meta property=\"article:modified_time\" content=\"2025-07-22T12:55:34+00:00\" \/>\n<meta name=\"twitter:card\" content=\"summary_large_image\" \/>\n<meta name=\"twitter:site\" content=\"@rauenspurg\" \/>\n<meta name=\"twitter:label1\" content=\"Est. reading time\" \/>\n\t<meta name=\"twitter:data1\" content=\"5 minutes\" \/>\n<script type=\"application\/ld+json\" class=\"yoast-schema-graph\">{\"@context\":\"https:\\\/\\\/schema.org\",\"@graph\":[{\"@type\":\"WebPage\",\"@id\":\"https:\\\/\\\/www.fz-rauenspurg.de\\\/historie\\\/\",\"url\":\"https:\\\/\\\/www.fz-rauenspurg.de\\\/historie\\\/\",\"name\":\"Historie &#8226; Fanfarenzug Rauenspurg e.V.\",\"isPartOf\":{\"@id\":\"https:\\\/\\\/www.fz-rauenspurg.de\\\/#website\"},\"datePublished\":\"2018-04-29T10:35:57+00:00\",\"dateModified\":\"2025-07-22T12:55:34+00:00\",\"breadcrumb\":{\"@id\":\"https:\\\/\\\/www.fz-rauenspurg.de\\\/historie\\\/#breadcrumb\"},\"inLanguage\":\"en-US\",\"potentialAction\":[{\"@type\":\"ReadAction\",\"target\":[\"https:\\\/\\\/www.fz-rauenspurg.de\\\/historie\\\/\"]}]},{\"@type\":\"BreadcrumbList\",\"@id\":\"https:\\\/\\\/www.fz-rauenspurg.de\\\/historie\\\/#breadcrumb\",\"itemListElement\":[{\"@type\":\"ListItem\",\"position\":1,\"name\":\"Startseite\",\"item\":\"https:\\\/\\\/www.fz-rauenspurg.de\\\/\"},{\"@type\":\"ListItem\",\"position\":2,\"name\":\"Historie\"}]},{\"@type\":\"WebSite\",\"@id\":\"https:\\\/\\\/www.fz-rauenspurg.de\\\/#website\",\"url\":\"https:\\\/\\\/www.fz-rauenspurg.de\\\/\",\"name\":\"Fanfarenzug Rauenspurg e.V.\",\"description\":\"der Stadt Ravensburg\",\"publisher\":{\"@id\":\"https:\\\/\\\/www.fz-rauenspurg.de\\\/#organization\"},\"potentialAction\":[{\"@type\":\"SearchAction\",\"target\":{\"@type\":\"EntryPoint\",\"urlTemplate\":\"https:\\\/\\\/www.fz-rauenspurg.de\\\/?s={search_term_string}\"},\"query-input\":{\"@type\":\"PropertyValueSpecification\",\"valueRequired\":true,\"valueName\":\"search_term_string\"}}],\"inLanguage\":\"en-US\"},{\"@type\":\"Organization\",\"@id\":\"https:\\\/\\\/www.fz-rauenspurg.de\\\/#organization\",\"name\":\"Fanfarenzug Rauenspurg e.V. der Stadt Ravensburg\",\"url\":\"https:\\\/\\\/www.fz-rauenspurg.de\\\/\",\"logo\":{\"@type\":\"ImageObject\",\"inLanguage\":\"en-US\",\"@id\":\"https:\\\/\\\/www.fz-rauenspurg.de\\\/#\\\/schema\\\/logo\\\/image\\\/\",\"url\":\"https:\\\/\\\/i0.wp.com\\\/www.fz-rauenspurg.de\\\/wp-content\\\/uploads\\\/cropped-20190515_FZR_Logo-Neu-7.png?fit=4167%2C4167&ssl=1\",\"contentUrl\":\"https:\\\/\\\/i0.wp.com\\\/www.fz-rauenspurg.de\\\/wp-content\\\/uploads\\\/cropped-20190515_FZR_Logo-Neu-7.png?fit=4167%2C4167&ssl=1\",\"width\":4167,\"height\":4167,\"caption\":\"Fanfarenzug Rauenspurg e.V. der Stadt Ravensburg\"},\"image\":{\"@id\":\"https:\\\/\\\/www.fz-rauenspurg.de\\\/#\\\/schema\\\/logo\\\/image\\\/\"},\"sameAs\":[\"http:\\\/\\\/www.facebook.com\\\/fanfarenzug.rauenspurg.e.v.\",\"https:\\\/\\\/x.com\\\/rauenspurg\",\"https:\\\/\\\/www.instagram.com\\\/fanfarenzug.rauenspurg\\\/\",\"https:\\\/\\\/open.spotify.com\\\/artist\\\/1T9nl7w34CIHZa2hI57Il3?si=Wg7bL2dAQYuxixd4g4dTtQ\"]}]}<\/script>\n<!-- \/ Yoast SEO plugin. -->","yoast_head_json":{"title":"Historie &#8226; Fanfarenzug Rauenspurg e.V.","robots":{"index":"noindex","follow":"follow"},"og_locale":"en_US","og_type":"article","og_title":"Historie &#8226; Fanfarenzug Rauenspurg e.V.","og_description":"HISTORIE Gr\u00fcndung im Jahr 1970 Der Fanfarenzug trat als Gruppe 1947 beim 1. Rutenfest nach dem 2. Weltkrieg in Erscheinung. Aus Erz\u00e4hlungen von fr\u00fcher gab es scheinbar auch schon einen [&hellip;]","og_url":"https:\/\/www.fz-rauenspurg.de\/en\/historie\/","og_site_name":"Fanfarenzug Rauenspurg e.V.","article_publisher":"http:\/\/www.facebook.com\/fanfarenzug.rauenspurg.e.v.","article_modified_time":"2025-07-22T12:55:34+00:00","twitter_card":"summary_large_image","twitter_site":"@rauenspurg","twitter_misc":{"Est. reading time":"5 minutes"},"schema":{"@context":"https:\/\/schema.org","@graph":[{"@type":"WebPage","@id":"https:\/\/www.fz-rauenspurg.de\/historie\/","url":"https:\/\/www.fz-rauenspurg.de\/historie\/","name":"Historie &#8226; Fanfarenzug Rauenspurg e.V.","isPartOf":{"@id":"https:\/\/www.fz-rauenspurg.de\/#website"},"datePublished":"2018-04-29T10:35:57+00:00","dateModified":"2025-07-22T12:55:34+00:00","breadcrumb":{"@id":"https:\/\/www.fz-rauenspurg.de\/historie\/#breadcrumb"},"inLanguage":"en-US","potentialAction":[{"@type":"ReadAction","target":["https:\/\/www.fz-rauenspurg.de\/historie\/"]}]},{"@type":"BreadcrumbList","@id":"https:\/\/www.fz-rauenspurg.de\/historie\/#breadcrumb","itemListElement":[{"@type":"ListItem","position":1,"name":"Startseite","item":"https:\/\/www.fz-rauenspurg.de\/"},{"@type":"ListItem","position":2,"name":"Historie"}]},{"@type":"WebSite","@id":"https:\/\/www.fz-rauenspurg.de\/#website","url":"https:\/\/www.fz-rauenspurg.de\/","name":"Fanfarenzug Rauenspurg e.V.","description":"der Stadt Ravensburg","publisher":{"@id":"https:\/\/www.fz-rauenspurg.de\/#organization"},"potentialAction":[{"@type":"SearchAction","target":{"@type":"EntryPoint","urlTemplate":"https:\/\/www.fz-rauenspurg.de\/?s={search_term_string}"},"query-input":{"@type":"PropertyValueSpecification","valueRequired":true,"valueName":"search_term_string"}}],"inLanguage":"en-US"},{"@type":"Organization","@id":"https:\/\/www.fz-rauenspurg.de\/#organization","name":"Fanfarenzug Rauenspurg e.V. der Stadt Ravensburg","url":"https:\/\/www.fz-rauenspurg.de\/","logo":{"@type":"ImageObject","inLanguage":"en-US","@id":"https:\/\/www.fz-rauenspurg.de\/#\/schema\/logo\/image\/","url":"https:\/\/i0.wp.com\/www.fz-rauenspurg.de\/wp-content\/uploads\/cropped-20190515_FZR_Logo-Neu-7.png?fit=4167%2C4167&ssl=1","contentUrl":"https:\/\/i0.wp.com\/www.fz-rauenspurg.de\/wp-content\/uploads\/cropped-20190515_FZR_Logo-Neu-7.png?fit=4167%2C4167&ssl=1","width":4167,"height":4167,"caption":"Fanfarenzug Rauenspurg e.V. der Stadt Ravensburg"},"image":{"@id":"https:\/\/www.fz-rauenspurg.de\/#\/schema\/logo\/image\/"},"sameAs":["http:\/\/www.facebook.com\/fanfarenzug.rauenspurg.e.v.","https:\/\/x.com\/rauenspurg","https:\/\/www.instagram.com\/fanfarenzug.rauenspurg\/","https:\/\/open.spotify.com\/artist\/1T9nl7w34CIHZa2hI57Il3?si=Wg7bL2dAQYuxixd4g4dTtQ"]}]}},"jetpack_sharing_enabled":true,"jetpack_shortlink":"https:\/\/wp.me\/P7EInt-zI","_links":{"self":[{"href":"https:\/\/www.fz-rauenspurg.de\/en\/wp-json\/wp\/v2\/pages\/2214","targetHints":{"allow":["GET"]}}],"collection":[{"href":"https:\/\/www.fz-rauenspurg.de\/en\/wp-json\/wp\/v2\/pages"}],"about":[{"href":"https:\/\/www.fz-rauenspurg.de\/en\/wp-json\/wp\/v2\/types\/page"}],"author":[{"embeddable":true,"href":"https:\/\/www.fz-rauenspurg.de\/en\/wp-json\/wp\/v2\/users\/6"}],"replies":[{"embeddable":true,"href":"https:\/\/www.fz-rauenspurg.de\/en\/wp-json\/wp\/v2\/comments?post=2214"}],"version-history":[{"count":24,"href":"https:\/\/www.fz-rauenspurg.de\/en\/wp-json\/wp\/v2\/pages\/2214\/revisions"}],"predecessor-version":[{"id":5644,"href":"https:\/\/www.fz-rauenspurg.de\/en\/wp-json\/wp\/v2\/pages\/2214\/revisions\/5644"}],"wp:attachment":[{"href":"https:\/\/www.fz-rauenspurg.de\/en\/wp-json\/wp\/v2\/media?parent=2214"}],"curies":[{"name":"wp","href":"https:\/\/api.w.org\/{rel}","templated":true}]}}